{"id":1418,"date":"2022-01-18T11:59:53","date_gmt":"2022-01-18T10:59:53","guid":{"rendered":"https:\/\/guieldu.eu\/?page_id=1418"},"modified":"2024-08-10T18:24:04","modified_gmt":"2024-08-10T16:24:04","slug":"media","status":"publish","type":"page","link":"https:\/\/guieldu.eu\/en\/media\/","title":{"rendered":"Media"},"content":{"rendered":"<h1>II Semando Fest. Uvi\u00e9u, feb. 2024<\/h1>\n<div>\n<p>Fotos: Leticia Cernuda<\/p>\n<\/div>\n<ul>\n<li>\n<p>        <img decoding=\"async\" src=\"\/wp-content\/uploads\/2024\/02\/guieldu-II-SemandoFest-2024.jpg\" alt=\"Susana Sors, voz y guitarra ac\u00fastica de Guieldu tocando con la banda en el II Semando Fest (2024)\"><\/p>\n<\/li>\n<li>\n<p>        <img decoding=\"async\" src=\"\/wp-content\/uploads\/2024\/02\/jorge-bouzouquista-guieldu-asturias.jpg\" alt=\"Jorge. bouzouquista de Guieldu\"><\/p>\n<\/li>\n<li>\n<p>        <img decoding=\"async\" src=\"\/wp-content\/uploads\/2024\/02\/carmen-tome-violinista-de-guieldu.jpg\" alt=\"En primer plano Carmen Tom\u00e9, violinista de Guieldu. En segundo plano Pablo, bajista de la banda asturiana.\"><\/p>\n<\/li>\n<li>\n<p>        <img decoding=\"async\" src=\"\/wp-content\/uploads\/2024\/02\/didgeridoo-guieldu-musicacelta.jpg\" alt=\"Pablo, con el didgeridoo en un momento del concierto de Guieldu en el Semando Fest\"><\/p>\n<\/li>\n<li>\n<p>        <img decoding=\"async\" src=\"\/wp-content\/uploads\/2024\/02\/platos-bateria-guieldu.jpg\" alt><\/p>\n<\/li>\n<li>\n<p>        <img decoding=\"async\" src=\"\/wp-content\/uploads\/2024\/02\/Susana-teclados-guieldu-uvieu.jpg\" alt=\"Susana a los teclados en el concierto de Oviedo\"><\/p>\n<\/li>\n<li>\n<p>        <img decoding=\"async\" src=\"\/wp-content\/uploads\/2024\/02\/guieldu-hector-aneiros-lowwhistle.jpg\" alt=\"H\u00e9ctor tocando el low-whistle durante el concierto en el II Semando Fest\"><\/p>\n<\/li>\n<li>\n<p>        <img decoding=\"async\" src=\"\/wp-content\/uploads\/2024\/02\/rubem-baterista-guieldu-concierto.jpg\" alt=\"Rub\u00e9n, baterista de la banda Guieldu.\"><\/p>\n<\/li>\n<\/ul>\n<h1>Festival Sierra Celta. Cortegana, ago. 2023<\/h1>\n<div>\n<p>Fotos: Leticia Cernuda<\/p>\n<\/div>\n<ul>\n<li>\n<p>        <img decoding=\"async\" src=\"\/wp-content\/uploads\/2023\/09\/guieldu-musicacelta-concierto-scaled.jpg\" alt=\"Susana y Ruben. Concierto de Guieldu en Cortegana, Huelva. Agosto 2023\"><\/p>\n<\/li>\n<li>\n<p>        <img decoding=\"async\" src=\"\/wp-content\/uploads\/2023\/09\/jorge-guieldu-concierto-2023.jpg\" alt=\"Jorge, guitarrista de Guieldu en un concierto\"><\/p>\n<\/li>\n<li>\n<p>        <img decoding=\"async\" src=\"\/wp-content\/uploads\/2023\/09\/susi-guieldu-sierracelta23-cortegana.jpg\" alt=\"Susana Sors. Guieldu\"><\/p>\n<\/li>\n<li>\n<p>        <img decoding=\"async\" src=\"\/wp-content\/uploads\/2023\/09\/hector-cortegana-sierra-celta-23.jpg\" alt=\"H\u00e9ctor Aneiros tocan la ocarina en un concierto de Guieldu\"><\/p>\n<\/li>\n<li>\n<p>        <img decoding=\"async\" src=\"\/wp-content\/uploads\/2023\/09\/laura-guieldu-sierra-celta-cortegana.jpg\" alt=\"Laura M\u00e9ndez. Teclista de Guieldu\"><\/p>\n<\/li>\n<li>\n<p>        <img decoding=\"async\" src=\"\/wp-content\/uploads\/2023\/09\/pablo-guieldu-cortegana-festival23.jpg\" alt=\"Pablo, bajista de Guieldu, en un concierto.\"><\/p>\n<\/li>\n<li>\n<p>        <img decoding=\"async\" src=\"\/wp-content\/uploads\/2023\/09\/guieldu-concierto-huelva-2023.jpg\" alt=\"Guieldu. Concierto. Castillo de Cortegana\"><\/p>\n<\/li>\n<li>\n<p>        <img decoding=\"async\" src=\"\/wp-content\/uploads\/2023\/09\/ruben-baterista-guieldu.jpg\" alt=\"Ruben, baterista de Guieldu\"><\/p>\n<\/li>\n<li>\n<p>        <img decoding=\"async\" src=\"\/wp-content\/uploads\/2023\/10\/guieldu-festival-huelva-2023-sierra-celta.jpg\" alt><\/p>\n<\/li>\n<\/ul>\n<p><!--more--><br>\n<!-- {\"type\":\"layout\",\"children\":[{\"type\":\"section\",\"props\":{\"image_position\":\"center-center\",\"padding_remove_bottom\":true,\"style\":\"default\",\"title_breakpoint\":\"xl\",\"title_position\":\"top-left\",\"title_rotation\":\"left\",\"vertical_align\":\"middle\",\"width\":\"default\"},\"children\":[{\"type\":\"row\",\"children\":[{\"type\":\"column\",\"props\":{\"image_position\":\"center-center\",\"position_sticky_breakpoint\":\"m\"},\"children\":[{\"type\":\"headline\",\"props\":{\"content\":\"II Semando Fest. Uvi\\u00e9u, feb. 2024\",\"margin_remove_bottom\":true,\"title_decoration\":\"divider\",\"title_element\":\"h1\",\"title_style\":\"h3\"}},{\"type\":\"text\",\"props\":{\"column_breakpoint\":\"m\",\"content\":\"\n\n<p>Fotos: Leticia Cernuda<\\\/p>\",\"margin\":\"small\",\"margin_remove_top\":true,\"text_style\":\"small\"}},{\"type\":\"gallery\",\"props\":{\"content_display\":\"lightbox\",\"filter\":false,\"filter_align\":\"left\",\"filter_all\":true,\"filter_animation\":\"false\",\"filter_grid_breakpoint\":\"m\",\"filter_grid_width\":\"auto\",\"filter_position\":\"top\",\"filter_style\":\"tab\",\"grid_column_gap\":\"small\",\"grid_default\":\"2\",\"grid_large\":\"4\",\"grid_masonry\":\"pack\",\"grid_medium\":\"4\",\"grid_parallax\":\"100\",\"grid_parallax_justify\":true,\"grid_row_gap\":\"small\",\"grid_small\":\"3\",\"grid_xlarge\":\"4\",\"item_animation\":true,\"lightbox\":false,\"link_style\":\"default\",\"link_text\":\"Read more\",\"margin\":\"default\",\"meta_align\":\"below-title\",\"meta_element\":\"div\",\"meta_style\":\"text-meta\",\"overlay_hover\":false,\"overlay_mode\":\"cover\",\"overlay_position\":\"center\",\"overlay_style\":\"\",\"overlay_transition\":\"fade\",\"show_content\":true,\"show_hover_image\":false,\"show_hover_video\":false,\"show_link\":false,\"show_meta\":true,\"show_title\":true,\"text_align\":\"center\",\"text_color\":\"\",\"title_display\":\"lightbox\",\"title_element\":\"h3\",\"title_hover_style\":\"reset\"},\"children\":[{\"type\":\"gallery_item\",\"props\":{\"image\":\"wp-content\\\/uploads\\\/2024\\\/02\\\/guieldu-II-SemandoFest-2024.jpg\",\"image_alt\":\"Susana Sors, voz y guitarra ac\\u00fastica de Guieldu tocando con la banda en el II Semando Fest (2024)\"}},{\"type\":\"gallery_item\",\"props\":{\"image\":\"wp-content\\\/uploads\\\/2024\\\/02\\\/jorge-bouzouquista-guieldu-asturias.jpg\",\"image_alt\":\"Jorge. bouzouquista de Guieldu\"}},{\"type\":\"gallery_item\",\"props\":{\"image\":\"wp-content\\\/uploads\\\/2024\\\/02\\\/carmen-tome-violinista-de-guieldu.jpg\",\"image_alt\":\"En primer plano Carmen Tom\\u00e9, violinista de Guieldu. En segundo plano Pablo, bajista de la banda asturiana.\"}},{\"type\":\"gallery_item\",\"props\":{\"image\":\"wp-content\\\/uploads\\\/2024\\\/02\\\/didgeridoo-guieldu-musicacelta.jpg\",\"image_alt\":\"Pablo, con el didgeridoo en un momento del concierto de Guieldu en el Semando Fest\"}},{\"type\":\"gallery_item\",\"props\":{\"image\":\"wp-content\\\/uploads\\\/2024\\\/02\\\/platos-bateria-guieldu.jpg\"}},{\"type\":\"gallery_item\",\"props\":{\"image\":\"wp-content\\\/uploads\\\/2024\\\/02\\\/Susana-teclados-guieldu-uvieu.jpg\",\"image_alt\":\"Susana a los teclados en el concierto de Oviedo\"}},{\"type\":\"gallery_item\",\"props\":{\"image\":\"wp-content\\\/uploads\\\/2024\\\/02\\\/guieldu-hector-aneiros-lowwhistle.jpg\",\"image_alt\":\"H\\u00e9ctor tocando el low-whistle durante el concierto en el II Semando Fest\"}},{\"type\":\"gallery_item\",\"props\":{\"image\":\"wp-content\\\/uploads\\\/2024\\\/02\\\/rubem-baterista-guieldu-concierto.jpg\",\"image_alt\":\"Rub\\u00e9n, baterista de la banda Guieldu.\"}}]}]}]}]},{\"type\":\"section\",\"props\":{\"image_position\":\"center-center\",\"padding_remove_bottom\":true,\"style\":\"default\",\"title_breakpoint\":\"xl\",\"title_position\":\"top-left\",\"title_rotation\":\"left\",\"vertical_align\":\"middle\",\"width\":\"default\"},\"children\":[{\"type\":\"row\",\"children\":[{\"type\":\"column\",\"props\":{\"image_position\":\"center-center\",\"position_sticky_breakpoint\":\"m\"},\"children\":[{\"type\":\"headline\",\"props\":{\"content\":\"Festival Sierra Celta. Cortegana, ago. 2023\",\"margin_remove_bottom\":true,\"title_decoration\":\"divider\",\"title_element\":\"h1\",\"title_style\":\"h3\"}},{\"type\":\"text\",\"props\":{\"column_breakpoint\":\"m\",\"content\":\"\n\n<p>Fotos: Leticia Cernuda<\\\/p>\",\"margin\":\"small\",\"margin_remove_top\":true,\"text_style\":\"small\"}},{\"type\":\"gallery\",\"props\":{\"content_display\":\"lightbox\",\"filter\":false,\"filter_align\":\"left\",\"filter_all\":true,\"filter_animation\":\"false\",\"filter_grid_breakpoint\":\"m\",\"filter_grid_width\":\"auto\",\"filter_position\":\"top\",\"filter_style\":\"tab\",\"grid_column_gap\":\"small\",\"grid_default\":\"2\",\"grid_large\":\"4\",\"grid_masonry\":\"pack\",\"grid_medium\":\"4\",\"grid_parallax\":\"60\",\"grid_parallax_justify\":true,\"grid_row_gap\":\"small\",\"grid_small\":\"3\",\"grid_xlarge\":\"4\",\"item_animation\":true,\"lightbox\":false,\"link_style\":\"default\",\"link_text\":\"Read more\",\"margin\":\"default\",\"meta_align\":\"below-title\",\"meta_element\":\"div\",\"meta_style\":\"text-meta\",\"overlay_hover\":false,\"overlay_mode\":\"cover\",\"overlay_position\":\"center\",\"overlay_style\":\"\",\"overlay_transition\":\"fade\",\"show_content\":true,\"show_hover_image\":false,\"show_hover_video\":false,\"show_link\":false,\"show_meta\":true,\"show_title\":true,\"text_align\":\"center\",\"text_color\":\"\",\"title_display\":\"lightbox\",\"title_element\":\"h3\",\"title_hover_style\":\"reset\"},\"children\":[{\"type\":\"gallery_item\",\"props\":{\"image\":\"wp-content\\\/uploads\\\/2023\\\/09\\\/guieldu-musicacelta-concierto-scaled.jpg\",\"image_alt\":\"Susana y Ruben. Concierto de Guieldu en Cortegana, Huelva. Agosto 2023\"}},{\"type\":\"gallery_item\",\"props\":{\"image\":\"wp-content\\\/uploads\\\/2023\\\/09\\\/jorge-guieldu-concierto-2023.jpg\",\"image_alt\":\"Jorge, guitarrista de Guieldu en un concierto\"}},{\"type\":\"gallery_item\",\"props\":{\"image\":\"wp-content\\\/uploads\\\/2023\\\/09\\\/susi-guieldu-sierracelta23-cortegana.jpg\",\"image_alt\":\"Susana Sors. Guieldu\"}},{\"type\":\"gallery_item\",\"props\":{\"image\":\"wp-content\\\/uploads\\\/2023\\\/09\\\/hector-cortegana-sierra-celta-23.jpg\",\"image_alt\":\"H\\u00e9ctor Aneiros tocan la ocarina en un concierto de Guieldu\"}},{\"type\":\"gallery_item\",\"props\":{\"image\":\"wp-content\\\/uploads\\\/2023\\\/09\\\/laura-guieldu-sierra-celta-cortegana.jpg\",\"image_alt\":\"Laura M\\u00e9ndez. Teclista de Guieldu\"}},{\"type\":\"gallery_item\",\"props\":{\"image\":\"wp-content\\\/uploads\\\/2023\\\/09\\\/pablo-guieldu-cortegana-festival23.jpg\",\"image_alt\":\"Pablo, bajista de Guieldu, en un concierto.\"}},{\"type\":\"gallery_item\",\"props\":{\"image\":\"wp-content\\\/uploads\\\/2023\\\/09\\\/guieldu-concierto-huelva-2023.jpg\",\"image_alt\":\"Guieldu. Concierto. Castillo de Cortegana\"}},{\"type\":\"gallery_item\",\"props\":{\"image\":\"wp-content\\\/uploads\\\/2023\\\/09\\\/ruben-baterista-guieldu.jpg\",\"image_alt\":\"Ruben, baterista de Guieldu\"}},{\"type\":\"gallery_item\",\"props\":{\"image\":\"wp-content\\\/uploads\\\/2023\\\/10\\\/guieldu-festival-huelva-2023-sierra-celta.jpg\"}}]}]}]}]},{\"type\":\"section\",\"props\":{\"image_position\":\"center-center\",\"style\":\"default\",\"title_breakpoint\":\"xl\",\"title_position\":\"top-left\",\"title_rotation\":\"left\",\"vertical_align\":\"middle\",\"width\":\"default\"},\"children\":[{\"type\":\"row\",\"children\":[{\"type\":\"column\",\"props\":{\"image_position\":\"center-center\",\"position_sticky_breakpoint\":\"m\"}}]}]}],\"version\":\"4.4.5\"} --><\/p>\n","protected":false},"excerpt":{"rendered":"<p><span class=\"caps\">II<\/span> Semando Fest. Uvi\u00e9u, feb. 2024 Fotos: Leticia Cernuda Festival Sierra Celta. Cortegana, ago. 2023 Fotos: Leticia Cernuda<\/p>\n","protected":false},"author":2,"featured_media":0,"parent":0,"menu_order":0,"comment_status":"closed","ping_status":"closed","template":"","meta":{"wp_typography_post_enhancements_disabled":false,"footnotes":""},"class_list":["post-1418","page","type-page","status-publish","hentry"],"yoast_head":"<!-- This site is optimized with the Yoast SEO plugin v27.3 - https:\/\/yoast.com\/product\/yoast-seo-wordpress\/ -->\n<title>Guieldu ~ Fotos y v\u00eddeos del grupo<\/title>\n<meta name=\"description\" content=\"Fotograf\u00edas y v\u00eddeos de la banda asturiana de folk celta Guieldu. Tambi\u00e9n encontrar\u00e1s Informaci\u00f3n sobre pr\u00f3ximos conciertos, lanzamientos musicales, etc.\" \/>\n<meta name=\"robots\" content=\"index, follow, max-snippet:-1, max-image-preview:large, max-video-preview:-1\" \/>\n<link rel=\"canonical\" href=\"\" \/>\n<meta property=\"og:locale\" content=\"en_US\" \/>\n<meta property=\"og:type\" content=\"article\" \/>\n<meta property=\"og:title\" content=\"Guieldu ~ Fotos y v\u00eddeos del grupo\" \/>\n<meta property=\"og:description\" content=\"Fotograf\u00edas y v\u00eddeos de la banda asturiana de folk celta Guieldu. Tambi\u00e9n encontrar\u00e1s Informaci\u00f3n sobre pr\u00f3ximos conciertos, lanzamientos musicales, etc.\" \/>\n<meta property=\"og:url\" content=\"https:\/\/guieldu.eu\/en\/media\/\" \/>\n<meta property=\"og:site_name\" content=\"Guieldu\" \/>\n<meta property=\"article:publisher\" content=\"https:\/\/www.facebook.com\/guieldu\" \/>\n<meta property=\"article:modified_time\" content=\"2024-08-10T16:24:04+00:00\" \/>\n<meta property=\"og:image\" content=\"https:\/\/guieldu.eu\/wp-content\/uploads\/2022\/02\/2-scaled.jpg\" \/>\n\t<meta property=\"og:image:width\" content=\"2560\" \/>\n\t<meta property=\"og:image:height\" content=\"1440\" \/>\n\t<meta property=\"og:image:type\" content=\"image\/jpeg\" \/>\n<meta name=\"twitter:card\" content=\"summary_large_image\" \/>\n<meta name=\"twitter:image\" content=\"https:\/\/guieldu.eu\/wp-content\/uploads\/2022\/02\/2-scaled.jpg\" \/>\n<meta name=\"twitter:site\" content=\"@guieldu\" \/>\n<meta name=\"twitter:label1\" content=\"Est. reading time\" \/>\n\t<meta name=\"twitter:data1\" content=\"1 minute\" \/>\n<script type=\"application\/ld+json\" class=\"yoast-schema-graph\">{\"@context\":\"https:\\\/\\\/schema.org\",\"@graph\":[{\"@type\":[\"WebPage\",\"CollectionPage\"],\"@id\":\"https:\\\/\\\/guieldu.eu\\\/en\\\/media\\\/\",\"url\":\"https:\\\/\\\/guieldu.eu\\\/en\\\/media\\\/\",\"name\":\"Guieldu ~ Fotos y v\u00eddeos del grupo\",\"isPartOf\":{\"@id\":\"https:\\\/\\\/guieldu.eu\\\/#website\"},\"datePublished\":\"2022-01-18T10:59:53+00:00\",\"dateModified\":\"2024-08-10T16:24:04+00:00\",\"description\":\"Fotograf\u00edas y v\u00eddeos de la banda asturiana de folk celta Guieldu. Tambi\u00e9n encontrar\u00e1s Informaci\u00f3n sobre pr\u00f3ximos conciertos, lanzamientos musicales, etc.\",\"breadcrumb\":{\"@id\":\"https:\\\/\\\/guieldu.eu\\\/en\\\/media\\\/#breadcrumb\"},\"inLanguage\":\"en-US\"},{\"@type\":\"BreadcrumbList\",\"@id\":\"https:\\\/\\\/guieldu.eu\\\/en\\\/media\\\/#breadcrumb\",\"itemListElement\":[{\"@type\":\"ListItem\",\"position\":1,\"name\":\"M\u00fasica Celta dende Asturies\",\"item\":\"https:\\\/\\\/guieldu.eu\\\/\"},{\"@type\":\"ListItem\",\"position\":2,\"name\":\"Media\"}]},{\"@type\":\"WebSite\",\"@id\":\"https:\\\/\\\/guieldu.eu\\\/en\\\/#website\",\"url\":\"https:\\\/\\\/guieldu.eu\\\/en\\\/\",\"name\":\"Guieldu\",\"description\":\"Celtic Music from Asturies\",\"publisher\":{\"@id\":\"https:\\\/\\\/guieldu.eu\\\/en\\\/#organization\"},\"potentialAction\":[{\"@type\":\"SearchAction\",\"target\":{\"@type\":\"EntryPoint\",\"urlTemplate\":\"https:\\\/\\\/guieldu.eu\\\/en\\\/?s={search_term_string}\"},\"query-input\":{\"@type\":\"PropertyValueSpecification\",\"valueRequired\":true,\"valueName\":\"search_term_string\"}}],\"inLanguage\":\"en-US\"},{\"@type\":\"Organization\",\"@id\":\"https:\\\/\\\/guieldu.eu\\\/en\\\/#organization\",\"name\":\"Guieldu\",\"url\":\"https:\\\/\\\/guieldu.eu\\\/en\\\/\",\"logo\":{\"@type\":\"ImageObject\",\"inLanguage\":\"en-US\",\"@id\":\"https:\\\/\\\/guieldu.eu\\\/en\\\/#\\\/schema\\\/logo\\\/image\\\/\",\"url\":\"https:\\\/\\\/i0.wp.com\\\/guieldu.eu\\\/wp-content\\\/uploads\\\/2022\\\/02\\\/Peque-logo-negro-peque.png?fit=250%2C93&ssl=1\",\"contentUrl\":\"https:\\\/\\\/i0.wp.com\\\/guieldu.eu\\\/wp-content\\\/uploads\\\/2022\\\/02\\\/Peque-logo-negro-peque.png?fit=250%2C93&ssl=1\",\"width\":250,\"height\":93,\"caption\":\"Guieldu\"},\"image\":{\"@id\":\"https:\\\/\\\/guieldu.eu\\\/en\\\/#\\\/schema\\\/logo\\\/image\\\/\"},\"sameAs\":[\"https:\\\/\\\/www.facebook.com\\\/guieldu\",\"https:\\\/\\\/x.com\\\/guieldu\",\"https:\\\/\\\/www.instagram.com\\\/guieldu\",\"https:\\\/\\\/www.youtube.com\\\/guieldu\"]}]}<\/script>\n<!-- \/ Yoast SEO plugin. -->","yoast_head_json":{"title":"Guieldu ~ Fotos y v\u00eddeos del grupo","description":"Fotograf\u00edas y v\u00eddeos de la banda asturiana de folk celta Guieldu. Tambi\u00e9n encontrar\u00e1s Informaci\u00f3n sobre pr\u00f3ximos conciertos, lanzamientos musicales, etc.","robots":{"index":"index","follow":"follow","max-snippet":"max-snippet:-1","max-image-preview":"max-image-preview:large","max-video-preview":"max-video-preview:-1"},"canonical":"II Semando Fest. Uvi\u00e9u, feb. 2024 Fotos: Leticia Cernuda Festival Sierra Celta. Cortegana, ago. 2023 Fotos: Leticia Cernuda","og_locale":"en_US","og_type":"article","og_title":"Guieldu ~ Fotos y v\u00eddeos del grupo","og_description":"Fotograf\u00edas y v\u00eddeos de la banda asturiana de folk celta Guieldu. Tambi\u00e9n encontrar\u00e1s Informaci\u00f3n sobre pr\u00f3ximos conciertos, lanzamientos musicales, etc.","og_url":"https:\/\/guieldu.eu\/en\/media\/","og_site_name":"Guieldu","article_publisher":"https:\/\/www.facebook.com\/guieldu","article_modified_time":"2024-08-10T16:24:04+00:00","og_image":[{"width":2560,"height":1440,"url":"https:\/\/guieldu.eu\/wp-content\/uploads\/2022\/02\/2-scaled.jpg","type":"image\/jpeg"}],"twitter_card":"summary_large_image","twitter_image":"https:\/\/guieldu.eu\/wp-content\/uploads\/2022\/02\/2-scaled.jpg","twitter_site":"@guieldu","twitter_misc":{"Est. reading time":"1 minute"},"schema":{"@context":"https:\/\/schema.org","@graph":[{"@type":["WebPage","CollectionPage"],"@id":"https:\/\/guieldu.eu\/en\/media\/","url":"https:\/\/guieldu.eu\/en\/media\/","name":"Guieldu ~ Fotos y v\u00eddeos del grupo","isPartOf":{"@id":"https:\/\/guieldu.eu\/#website"},"datePublished":"2022-01-18T10:59:53+00:00","dateModified":"2024-08-10T16:24:04+00:00","description":"Fotograf\u00edas y v\u00eddeos de la banda asturiana de folk celta Guieldu. Tambi\u00e9n encontrar\u00e1s Informaci\u00f3n sobre pr\u00f3ximos conciertos, lanzamientos musicales, etc.","breadcrumb":{"@id":"https:\/\/guieldu.eu\/en\/media\/#breadcrumb"},"inLanguage":"en-US"},{"@type":"BreadcrumbList","@id":"https:\/\/guieldu.eu\/en\/media\/#breadcrumb","itemListElement":[{"@type":"ListItem","position":1,"name":"M\u00fasica Celta dende Asturies","item":"https:\/\/guieldu.eu\/"},{"@type":"ListItem","position":2,"name":"Media"}]},{"@type":"WebSite","@id":"https:\/\/guieldu.eu\/en\/#website","url":"https:\/\/guieldu.eu\/en\/","name":"Guieldu","description":"Celtic Music from Asturies","publisher":{"@id":"https:\/\/guieldu.eu\/en\/#organization"},"potentialAction":[{"@type":"SearchAction","target":{"@type":"EntryPoint","urlTemplate":"https:\/\/guieldu.eu\/en\/?s={search_term_string}"},"query-input":{"@type":"PropertyValueSpecification","valueRequired":true,"valueName":"search_term_string"}}],"inLanguage":"en-US"},{"@type":"Organization","@id":"https:\/\/guieldu.eu\/en\/#organization","name":"Guieldu","url":"https:\/\/guieldu.eu\/en\/","logo":{"@type":"ImageObject","inLanguage":"en-US","@id":"https:\/\/guieldu.eu\/en\/#\/schema\/logo\/image\/","url":"https:\/\/i0.wp.com\/guieldu.eu\/wp-content\/uploads\/2022\/02\/Peque-logo-negro-peque.png?fit=250%2C93&ssl=1","contentUrl":"https:\/\/i0.wp.com\/guieldu.eu\/wp-content\/uploads\/2022\/02\/Peque-logo-negro-peque.png?fit=250%2C93&ssl=1","width":250,"height":93,"caption":"Guieldu"},"image":{"@id":"https:\/\/guieldu.eu\/en\/#\/schema\/logo\/image\/"},"sameAs":["https:\/\/www.facebook.com\/guieldu","https:\/\/x.com\/guieldu","https:\/\/www.instagram.com\/guieldu","https:\/\/www.youtube.com\/guieldu"]}]}},"_links":{"self":[{"href":"https:\/\/guieldu.eu\/en\/wp-json\/wp\/v2\/pages\/1418","targetHints":{"allow":["GET"]}}],"collection":[{"href":"https:\/\/guieldu.eu\/en\/wp-json\/wp\/v2\/pages"}],"about":[{"href":"https:\/\/guieldu.eu\/en\/wp-json\/wp\/v2\/types\/page"}],"author":[{"embeddable":true,"href":"https:\/\/guieldu.eu\/en\/wp-json\/wp\/v2\/users\/2"}],"replies":[{"embeddable":true,"href":"https:\/\/guieldu.eu\/en\/wp-json\/wp\/v2\/comments?post=1418"}],"version-history":[{"count":0,"href":"https:\/\/guieldu.eu\/en\/wp-json\/wp\/v2\/pages\/1418\/revisions"}],"wp:attachment":[{"href":"https:\/\/guieldu.eu\/en\/wp-json\/wp\/v2\/media?parent=1418"}],"curies":[{"name":"wp","href":"https:\/\/api.w.org\/{rel}","templated":true}]}}